{"id":1695,"date":"2026-02-24T20:33:22","date_gmt":"2026-02-24T20:33:22","guid":{"rendered":"https:\/\/pufff.ro\/b2b\/?page_id=1695"},"modified":"2026-02-24T20:36:44","modified_gmt":"2026-02-24T20:36:44","slug":"despre-noi","status":"publish","type":"page","link":"https:\/\/pufff.ro\/b2b\/despre-noi\/","title":{"rendered":"Despre noi"},"content":{"rendered":"\t\t<div data-elementor-type=\"wp-page\" data-elementor-id=\"1695\" class=\"elementor elementor-1695\" data-elementor-post-type=\"page\">\n\t\t\t\t<div class=\"elementor-element elementor-element-7d69ece e-flex e-con-boxed e-con e-parent\" data-id=\"7d69ece\" data-element_type=\"container\" data-e-type=\"container\">\n\t\t\t\t\t<div class=\"e-con-inner\">\n\t\t<div class=\"elementor-element elementor-element-5f21289 e-con-full e-flex e-con e-child\" data-id=\"5f21289\" data-element_type=\"container\" data-e-type=\"container\">\n\t\t\t\t<div class=\"elementor-element elementor-element-bfdf04c elementor-widget elementor-widget-image\" data-id=\"bfdf04c\" data-element_type=\"widget\" data-e-type=\"widget\" data-widget_type=\"image.default\">\n\t\t\t\t\t\t\t\t\t\t\t\t\t\t\t<img decoding=\"async\" data-src=\"https:\/\/pufff.ro\/b2b\/wp-content\/uploads\/2026\/02\/June-27-2024_PUF0352-Edit-scaled-1-2.jpg\" title=\"\" alt=\"\" src=\"data:image\/svg+xml;base64,PHN2ZyB3aWR0aD0iMSIgaGVpZ2h0PSIxIiB4bWxucz0iaHR0cDovL3d3dy53My5vcmcvMjAwMC9zdmciPjwvc3ZnPg==\" class=\"lazyload\" \/>\t\t\t\t\t\t\t\t\t\t\t\t\t\t\t<\/div>\n\t\t\t\t<\/div>\n\t\t<div class=\"elementor-element elementor-element-d746951 e-con-full e-flex e-con e-child\" data-id=\"d746951\" data-element_type=\"container\" data-e-type=\"container\">\n\t\t\t\t<div class=\"elementor-element elementor-element-0dcc9ff elementor-widget elementor-widget-heading\" data-id=\"0dcc9ff\" data-element_type=\"widget\" data-e-type=\"widget\" data-widget_type=\"heading.default\">\n\t\t\t\t\t<h2 class=\"elementor-heading-title elementor-size-default\">Despre noi<\/h2>\t\t\t\t<\/div>\n\t\t\t\t<div class=\"elementor-element elementor-element-26b093e elementor-widget elementor-widget-text-editor\" data-id=\"26b093e\" data-element_type=\"widget\" data-e-type=\"widget\" data-widget_type=\"text-editor.default\">\n\t\t\t\t\t\t\t\t\t<p><span style=\"font-weight: 400;\">Dup\u0103 11 ani de activitate \u00een domeniul Fotografiei \u0219i Videografiei de Eveniment, am decis \u00eempreuna cu echipa sa ne oferim serviciile noastre Foto &amp; Video \u0219i pe partea produc\u021biei de con\u021binut pentru promovarea pe re\u021belele de socializare.<\/span><\/p><p><span style=\"font-weight: 400;\">Toata aceasta mi\u0219care a fost generata de Contextul Inteligen\u021bei Artificiale deoarece primeam saptamanal apeluri de la antreprenorii care aveau nevoie ajutor, care de\u0219i cheltuiau bugete extraordinare pe Google nu mai aveau vanzari nici la jum\u0103tate.\u00a0<\/span><\/p><p><span style=\"font-weight: 400;\">\u00cen contextul actual nu ai nevoie neap\u0103rat de un \u201ecameraman\u201d ci mai mult de un \u201edirector de imagine\u201d care sa te ajute sa isi spui povestea corect, coerent si eficient.<\/span><\/p>\t\t\t\t\t\t\t\t<\/div>\n\t\t\t\t<\/div>\n\t\t\t\t\t<\/div>\n\t\t\t\t<\/div>\n\t\t<div class=\"elementor-element elementor-element-bd89f24 e-flex e-con-boxed e-con e-parent\" data-id=\"bd89f24\" data-element_type=\"container\" data-e-type=\"container\">\n\t\t\t\t\t<div class=\"e-con-inner\">\n\t\t<div class=\"elementor-element elementor-element-124168a e-con-full e-flex e-con e-child\" data-id=\"124168a\" data-element_type=\"container\" data-e-type=\"container\">\n\t\t\t\t<div class=\"elementor-element elementor-element-a14e78d elementor-widget elementor-widget-heading\" data-id=\"a14e78d\" data-element_type=\"widget\" data-e-type=\"widget\" data-widget_type=\"heading.default\">\n\t\t\t\t\t<h2 class=\"elementor-heading-title elementor-size-default\">De ce  Pufff Studio<\/h2>\t\t\t\t<\/div>\n\t\t\t\t<div class=\"elementor-element elementor-element-4537d76 elementor-widget elementor-widget-text-editor\" data-id=\"4537d76\" data-element_type=\"widget\" data-e-type=\"widget\" data-widget_type=\"text-editor.default\">\n\t\t\t\t\t\t\t\t\t<p data-path-to-node=\"9\">Pentru c\u0103 \u00een\u021belegem c\u0103 fiecare client are o poveste unic\u0103. Nu oferim doar simple servicii foto-video, ci o experien\u021b\u0103 relaxat\u0103, \u00een care te po\u021bi sim\u021bi \u00een largul t\u0103u \u00een fa\u021ba camerei. Valorile noastre sunt simple: respectul pentru client, transparen\u021ba pre\u021burilor \u0219i livrarea unor imagini care s\u0103 inspire.<\/p><p data-path-to-node=\"10\"><b data-path-to-node=\"10\" data-index-in-node=\"0\">Pufff \u0219i amintirile prind via\u021b\u0103!<\/b> Suntem aici s\u0103 scriem \u00eempreun\u0103 urm\u0103toarea ta pagin\u0103 de poveste, fie c\u0103 este una personal\u0103 sau de succes \u00een afaceri.<\/p>\t\t\t\t\t\t\t\t<\/div>\n\t\t\t\t<\/div>\n\t\t<div class=\"elementor-element elementor-element-3211091 e-con-full e-flex e-con e-child\" data-id=\"3211091\" data-element_type=\"container\" data-e-type=\"container\">\n\t\t\t\t<div class=\"elementor-element elementor-element-6269d30 elementor-widget elementor-widget-image\" data-id=\"6269d30\" data-element_type=\"widget\" data-e-type=\"widget\" data-widget_type=\"image.default\">\n\t\t\t\t\t\t\t\t\t\t\t\t\t\t\t<img fetchpriority=\"high\" decoding=\"async\" width=\"800\" height=\"800\" src=\"https:\/\/pufff.ro\/b2b\/wp-content\/uploads\/2026\/02\/KLY8810-Edit-3-copy-scaled-1-2-1024x1024.png\" class=\"attachment-large size-large wp-image-1464\" alt=\"\" srcset=\"https:\/\/pufff.ro\/b2b\/wp-content\/uploads\/2026\/02\/KLY8810-Edit-3-copy-scaled-1-2-1024x1024.png.webp 1024w, https:\/\/pufff.ro\/b2b\/wp-content\/uploads\/2026\/02\/KLY8810-Edit-3-copy-scaled-1-2-300x300.png.webp 300w, https:\/\/pufff.ro\/b2b\/wp-content\/uploads\/2026\/02\/KLY8810-Edit-3-copy-scaled-1-2-150x150.png.webp 150w, https:\/\/pufff.ro\/b2b\/wp-content\/uploads\/2026\/02\/KLY8810-Edit-3-copy-scaled-1-2-768x768.png.webp 768w, https:\/\/pufff.ro\/b2b\/wp-content\/uploads\/2026\/02\/KLY8810-Edit-3-copy-scaled-1-2-1536x1536.png.webp 1536w, https:\/\/pufff.ro\/b2b\/wp-content\/uploads\/2026\/02\/KLY8810-Edit-3-copy-scaled-1-2-2048x2048.png.webp 2048w, https:\/\/pufff.ro\/b2b\/wp-content\/uploads\/2026\/02\/KLY8810-Edit-3-copy-scaled-1-2-640x640.png.webp 640w, https:\/\/pufff.ro\/b2b\/wp-content\/uploads\/2026\/02\/KLY8810-Edit-3-copy-scaled-1-2-50x50.png.webp 50w\" sizes=\"(max-width: 800px) 100vw, 800px\" \/>\t\t\t\t\t\t\t\t\t\t\t\t\t\t\t<\/div>\n\t\t\t\t<\/div>\n\t\t\t\t\t<\/div>\n\t\t\t\t<\/div>\n\t\t\t\t<\/div>\n\t\t","protected":false},"excerpt":{"rendered":"<p>Despre noi Dup\u0103 11 ani de activitate \u00een domeniul Fotografiei \u0219i Videografiei de Eveniment, am decis \u00eempreuna cu echipa sa ne oferim serviciile noastre Foto &amp; Video \u0219i pe partea produc\u021biei de con\u021binut pentru promovarea pe re\u021belele de socializare. Toata aceasta mi\u0219care a fost generata de Contextul Inteligen\u021bei Artificiale deoarece primeam saptamanal apeluri de la [&hellip;]<\/p>\n","protected":false},"author":1,"featured_media":0,"parent":0,"menu_order":0,"comment_status":"closed","ping_status":"closed","template":"","meta":{"_joinchat":[],"footnotes":""},"class_list":["post-1695","page","type-page","status-publish","hentry"],"aioseo_notices":[],"_links":{"self":[{"href":"https:\/\/pufff.ro\/b2b\/wp-json\/wp\/v2\/pages\/1695","targetHints":{"allow":["GET"]}}],"collection":[{"href":"https:\/\/pufff.ro\/b2b\/wp-json\/wp\/v2\/pages"}],"about":[{"href":"https:\/\/pufff.ro\/b2b\/wp-json\/wp\/v2\/types\/page"}],"author":[{"embeddable":true,"href":"https:\/\/pufff.ro\/b2b\/wp-json\/wp\/v2\/users\/1"}],"replies":[{"embeddable":true,"href":"https:\/\/pufff.ro\/b2b\/wp-json\/wp\/v2\/comments?post=1695"}],"version-history":[{"count":7,"href":"https:\/\/pufff.ro\/b2b\/wp-json\/wp\/v2\/pages\/1695\/revisions"}],"predecessor-version":[{"id":1705,"href":"https:\/\/pufff.ro\/b2b\/wp-json\/wp\/v2\/pages\/1695\/revisions\/1705"}],"wp:attachment":[{"href":"https:\/\/pufff.ro\/b2b\/wp-json\/wp\/v2\/media?parent=1695"}],"curies":[{"name":"wp","href":"https:\/\/api.w.org\/{rel}","templated":true}]}}