{"id":1645,"date":"2026-02-19T12:31:22","date_gmt":"2026-02-19T12:31:22","guid":{"rendered":"https:\/\/pufff.ro\/b2b\/?page_id=1645"},"modified":"2026-02-19T12:32:41","modified_gmt":"2026-02-19T12:32:41","slug":"blog","status":"publish","type":"page","link":"https:\/\/pufff.ro\/b2b\/blog\/","title":{"rendered":"Blog"},"content":{"rendered":"\t\t<div data-elementor-type=\"wp-page\" data-elementor-id=\"1645\" class=\"elementor elementor-1645\" data-elementor-post-type=\"page\">\n\t\t\t\t<div class=\"elementor-element elementor-element-e683a97 e-flex e-con-boxed e-con e-parent\" data-id=\"e683a97\" data-element_type=\"container\" data-e-type=\"container\">\n\t\t\t\t\t<div class=\"e-con-inner\">\n\t\t\t\t<div class=\"elementor-element elementor-element-fc3b115 elementor-widget elementor-widget-heading\" data-id=\"fc3b115\" data-element_type=\"widget\" data-e-type=\"widget\" data-widget_type=\"heading.default\">\n\t\t\t\t\t<h2 class=\"elementor-heading-title elementor-size-default\">Blog<\/h2>\t\t\t\t<\/div>\n\t\t\t\t<div class=\"elementor-element elementor-element-a450031 elementor-grid-3 elementor-grid-tablet-2 elementor-grid-mobile-1 elementor-posts--thumbnail-top elementor-card-shadow-yes elementor-posts__hover-gradient elementor-widget elementor-widget-posts\" data-id=\"a450031\" data-element_type=\"widget\" data-e-type=\"widget\" data-settings=\"{&quot;pagination_type&quot;:&quot;numbers&quot;,&quot;cards_columns&quot;:&quot;3&quot;,&quot;cards_columns_tablet&quot;:&quot;2&quot;,&quot;cards_columns_mobile&quot;:&quot;1&quot;,&quot;cards_row_gap&quot;:{&quot;unit&quot;:&quot;px&quot;,&quot;size&quot;:35,&quot;sizes&quot;:[]},&quot;cards_row_gap_tablet&quot;:{&quot;unit&quot;:&quot;px&quot;,&quot;size&quot;:&quot;&quot;,&quot;sizes&quot;:[]},&quot;cards_row_gap_mobile&quot;:{&quot;unit&quot;:&quot;px&quot;,&quot;size&quot;:&quot;&quot;,&quot;sizes&quot;:[]}}\" data-widget_type=\"posts.cards\">\n\t\t\t\t<div class=\"elementor-widget-container\">\n\t\t\t\t\t\t\t<div class=\"elementor-posts-container elementor-posts elementor-posts--skin-cards elementor-grid\" role=\"list\">\n\t\t\t\t<article class=\"elementor-post elementor-grid-item post-1438 post type-post status-publish format-standard hentry category-uncategorized\" role=\"listitem\">\n\t\t\t<div class=\"elementor-post__card\">\n\t\t\t\t<div class=\"elementor-post__text\">\n\t\t\t\t<h2 class=\"elementor-post__title\">\n\t\t\t<a href=\"https:\/\/pufff.ro\/b2b\/blog-post\/\" target=&quot;_blank&quot;>\n\t\t\t\tBlog post\t\t\t<\/a>\n\t\t<\/h2>\n\t\t\t\t<div class=\"elementor-post__excerpt\">\n\t\t\t<p>https:\/\/www.youtube.com\/watch?v=XHOmBV4js_E Lorem ipsum dolor sit amet, consectetur adipiscing elit. Ut elit tellus, luctus nec ullamcorper mattis, pulvinar dapibus leo. Lorem ipsum dolor sit amet, consectetur<\/p>\n\t\t<\/div>\n\t\t\t\t\t<div class=\"elementor-post__read-more-wrapper\">\n\t\t\n\t\t<a class=\"elementor-post__read-more\" href=\"https:\/\/pufff.ro\/b2b\/blog-post\/\" aria-label=\"Read more about Blog post\" tabindex=\"-1\" target=\"_blank\">\n\t\t\tVezi mai mult \u00bb\t\t<\/a>\n\n\t\t\t\t\t<\/div>\n\t\t\t\t<\/div>\n\t\t\t\t\t<\/div>\n\t\t<\/article>\n\t\t\t\t<article class=\"elementor-post elementor-grid-item post-1254 post type-post status-publish format-standard has-post-thumbnail hentry category-fara-categorie tag-fotograf tag-fotograf-evenimente tag-fotografia-de-nunta tag-griduri-in-fotografie\" role=\"listitem\">\n\t\t\t<div class=\"elementor-post__card\">\n\t\t\t\t<a class=\"elementor-post__thumbnail__link\" href=\"https:\/\/pufff.ro\/b2b\/gridurile-in-fotografie-ce-sunt-si-de-ce-conteaza\/\" tabindex=\"-1\" target=\"_blank\"><div class=\"elementor-post__thumbnail\"><img fetchpriority=\"high\" decoding=\"async\" width=\"2560\" height=\"1829\" src=\"https:\/\/pufff.ro\/b2b\/wp-content\/uploads\/2025\/07\/September-22-2024_KLY3774-Edit-scaled.jpg\" class=\"attachment-full size-full wp-image-1256\" alt=\"gridurile \u00een fotografie\" srcset=\"https:\/\/pufff.ro\/b2b\/wp-content\/uploads\/2025\/07\/September-22-2024_KLY3774-Edit-scaled.jpg 2560w, https:\/\/pufff.ro\/b2b\/wp-content\/uploads\/2025\/07\/September-22-2024_KLY3774-Edit-300x214.jpg 300w, https:\/\/pufff.ro\/b2b\/wp-content\/uploads\/2025\/07\/September-22-2024_KLY3774-Edit-1024x731.jpg 1024w, https:\/\/pufff.ro\/b2b\/wp-content\/uploads\/2025\/07\/September-22-2024_KLY3774-Edit-768x549.jpg 768w, https:\/\/pufff.ro\/b2b\/wp-content\/uploads\/2025\/07\/September-22-2024_KLY3774-Edit-1536x1097.jpg 1536w, https:\/\/pufff.ro\/b2b\/wp-content\/uploads\/2025\/07\/September-22-2024_KLY3774-Edit-2048x1463.jpg 2048w\" sizes=\"(max-width: 2560px) 100vw, 2560px\" \/><\/div><\/a>\n\t\t\t\t<div class=\"elementor-post__text\">\n\t\t\t\t<h2 class=\"elementor-post__title\">\n\t\t\t<a href=\"https:\/\/pufff.ro\/b2b\/gridurile-in-fotografie-ce-sunt-si-de-ce-conteaza\/\" target=&quot;_blank&quot;>\n\t\t\t\tGridurile \u00een fotografie \u2013 ce sunt \u0219i de ce conteaz\u0103?\t\t\t<\/a>\n\t\t<\/h2>\n\t\t\t\t<div class=\"elementor-post__excerpt\">\n\t\t\t<p>\u00cen lumea fotografiei moderne, compozi\u021bia este la fel de important\u0103 ca subiectul \u00een sine. Aici intervin gridurile \u00een fotografie, un sistem simplu dar extrem de<\/p>\n\t\t<\/div>\n\t\t\t\t\t<div class=\"elementor-post__read-more-wrapper\">\n\t\t\n\t\t<a class=\"elementor-post__read-more\" href=\"https:\/\/pufff.ro\/b2b\/gridurile-in-fotografie-ce-sunt-si-de-ce-conteaza\/\" aria-label=\"Read more about Gridurile \u00een fotografie \u2013 ce sunt \u0219i de ce conteaz\u0103?\" tabindex=\"-1\" target=\"_blank\">\n\t\t\tVezi mai mult \u00bb\t\t<\/a>\n\n\t\t\t\t\t<\/div>\n\t\t\t\t<\/div>\n\t\t\t\t\t<\/div>\n\t\t<\/article>\n\t\t\t\t<article class=\"elementor-post elementor-grid-item post-1220 post type-post status-publish format-standard hentry category-fara-categorie\" role=\"listitem\">\n\t\t\t<div class=\"elementor-post__card\">\n\t\t\t\t<div class=\"elementor-post__text\">\n\t\t\t\t<h2 class=\"elementor-post__title\">\n\t\t\t<a href=\"https:\/\/pufff.ro\/b2b\/ghidul-fotografului-pentru-un-portofoliu-foto-inspirational\/\" target=&quot;_blank&quot;>\n\t\t\t\tGhidul fotografului pentru un portofoliu foto inspirational\t\t\t<\/a>\n\t\t<\/h2>\n\t\t\t\t<div class=\"elementor-post__excerpt\">\n\t\t\t<p>In spatele fiecarei imagini puternice se ascunde o emotie autentica. Pentru orice fotograf care doreste sa creeze un portofoliu foto inspirational, capacitatea de a surprinde<\/p>\n\t\t<\/div>\n\t\t\t\t\t<div class=\"elementor-post__read-more-wrapper\">\n\t\t\n\t\t<a class=\"elementor-post__read-more\" href=\"https:\/\/pufff.ro\/b2b\/ghidul-fotografului-pentru-un-portofoliu-foto-inspirational\/\" aria-label=\"Read more about Ghidul fotografului pentru un portofoliu foto inspirational\" tabindex=\"-1\" target=\"_blank\">\n\t\t\tVezi mai mult \u00bb\t\t<\/a>\n\n\t\t\t\t\t<\/div>\n\t\t\t\t<\/div>\n\t\t\t\t\t<\/div>\n\t\t<\/article>\n\t\t\t\t<article class=\"elementor-post elementor-grid-item post-1179 post type-post status-publish format-standard hentry category-fara-categorie tag-fotograf-profesionist tag-fotografie tag-lumina-naturala tag-studio-foto\" role=\"listitem\">\n\t\t\t<div class=\"elementor-post__card\">\n\t\t\t\t<div class=\"elementor-post__text\">\n\t\t\t\t<h2 class=\"elementor-post__title\">\n\t\t\t<a href=\"https:\/\/pufff.ro\/b2b\/12-tipuri-de-lumina-naturala-in-fotografie-pe-care-orice-fotograf-trebuie-sa-le-cunoasca\/\" target=&quot;_blank&quot;>\n\t\t\t\t12 tipuri de lumin\u0103 natural\u0103 \u00een fotografie pe care orice fotograf trebuie s\u0103 le cunoasc\u0103\t\t\t<\/a>\n\t\t<\/h2>\n\t\t\t\t<div class=\"elementor-post__excerpt\">\n\t\t\t<p>Te-au impresionat acele fotografii care pur si simplu au acel \u201eJe ne sais Quoi\u201d? Cele \u00een care o lumin\u0103 natural\u0103 \u00een fotografie se simte f\u0103r\u0103<\/p>\n\t\t<\/div>\n\t\t\t\t\t<div class=\"elementor-post__read-more-wrapper\">\n\t\t\n\t\t<a class=\"elementor-post__read-more\" href=\"https:\/\/pufff.ro\/b2b\/12-tipuri-de-lumina-naturala-in-fotografie-pe-care-orice-fotograf-trebuie-sa-le-cunoasca\/\" aria-label=\"Read more about 12 tipuri de lumin\u0103 natural\u0103 \u00een fotografie pe care orice fotograf trebuie s\u0103 le cunoasc\u0103\" tabindex=\"-1\" target=\"_blank\">\n\t\t\tVezi mai mult \u00bb\t\t<\/a>\n\n\t\t\t\t\t<\/div>\n\t\t\t\t<\/div>\n\t\t\t\t\t<\/div>\n\t\t<\/article>\n\t\t\t\t<article class=\"elementor-post elementor-grid-item post-1149 post type-post status-publish format-standard hentry category-fara-categorie\" role=\"listitem\">\n\t\t\t<div class=\"elementor-post__card\">\n\t\t\t\t<div class=\"elementor-post__text\">\n\t\t\t\t<h2 class=\"elementor-post__title\">\n\t\t\t<a href=\"https:\/\/pufff.ro\/b2b\/idei-creative-de-fotografie-de-portret\/\" target=&quot;_blank&quot;>\n\t\t\t\tIdei creative de fotografie de portret\t\t\t<\/a>\n\t\t<\/h2>\n\t\t\t\t<div class=\"elementor-post__excerpt\">\n\t\t\t<p>Fotografia de portret este o form\u0103 de art\u0103 care trebuie sa surprinda expresiile, emo\u021biile \u0219i personalitatea modelului tau. Exist\u0103 numeroase moduri de a realiza portrete<\/p>\n\t\t<\/div>\n\t\t\t\t\t<div class=\"elementor-post__read-more-wrapper\">\n\t\t\n\t\t<a class=\"elementor-post__read-more\" href=\"https:\/\/pufff.ro\/b2b\/idei-creative-de-fotografie-de-portret\/\" aria-label=\"Read more about Idei creative de fotografie de portret\" tabindex=\"-1\" target=\"_blank\">\n\t\t\tVezi mai mult \u00bb\t\t<\/a>\n\n\t\t\t\t\t<\/div>\n\t\t\t\t<\/div>\n\t\t\t\t\t<\/div>\n\t\t<\/article>\n\t\t\t\t<article class=\"elementor-post elementor-grid-item post-1142 post type-post status-publish format-standard hentry category-fara-categorie\" role=\"listitem\">\n\t\t\t<div class=\"elementor-post__card\">\n\t\t\t\t<div class=\"elementor-post__text\">\n\t\t\t\t<h2 class=\"elementor-post__title\">\n\t\t\t<a href=\"https:\/\/pufff.ro\/b2b\/sfaturi-pentru-sedinte-foto-ghidul-esential-pentru-fotografi\/\" target=&quot;_blank&quot;>\n\t\t\t\tSfaturi pentru \u0219edin\u021be foto | Ghidul esen\u021bial pentru fotografi\t\t\t<\/a>\n\t\t<\/h2>\n\t\t\t\t<div class=\"elementor-post__excerpt\">\n\t\t\t<p>Pentru \u0219edin\u021be foto unice \u00eenseamn\u0103 ca trebuie sa fi preg\u0103tit, iar acest ghid este conceput pentru a te ajuta s\u0103 te g\u00e2nde\u0219ti la modalit\u0103\u021bi de<\/p>\n\t\t<\/div>\n\t\t\t\t\t<div class=\"elementor-post__read-more-wrapper\">\n\t\t\n\t\t<a class=\"elementor-post__read-more\" href=\"https:\/\/pufff.ro\/b2b\/sfaturi-pentru-sedinte-foto-ghidul-esential-pentru-fotografi\/\" aria-label=\"Read more about Sfaturi pentru \u0219edin\u021be foto | Ghidul esen\u021bial pentru fotografi\" tabindex=\"-1\" target=\"_blank\">\n\t\t\tVezi mai mult \u00bb\t\t<\/a>\n\n\t\t\t\t\t<\/div>\n\t\t\t\t<\/div>\n\t\t\t\t\t<\/div>\n\t\t<\/article>\n\t\t\t\t<\/div>\n\t\t\n\t\t\t\t<div class=\"e-load-more-anchor\" data-page=\"1\" data-max-page=\"2\" data-next-page=\"https:\/\/pufff.ro\/b2b\/wp-json\/wp\/v2\/pages\/1645\/page\/2\/\"><\/div>\n\t\t\t\t<nav class=\"elementor-pagination\" aria-label=\"Pagination\">\n\t\t\t<span aria-current=\"page\" class=\"page-numbers current\"><span class=\"elementor-screen-only\">Page<\/span>1<\/span>\n<a class=\"page-numbers\" href=\"https:\/\/pufff.ro\/b2b\/wp-json\/wp\/v2\/pages\/1645\/page\/2\/\"><span class=\"elementor-screen-only\">Page<\/span>2<\/a>\t\t<\/nav>\n\t\t\t\t\t\t<\/div>\n\t\t\t\t<\/div>\n\t\t\t\t\t<\/div>\n\t\t\t\t<\/div>\n\t\t\t\t<\/div>\n\t\t","protected":false},"excerpt":{"rendered":"<p>Blog<\/p>\n","protected":false},"author":1,"featured_media":0,"parent":0,"menu_order":0,"comment_status":"closed","ping_status":"closed","template":"","meta":{"_joinchat":[],"footnotes":""},"class_list":["post-1645","page","type-page","status-publish","hentry"],"aioseo_notices":[],"_links":{"self":[{"href":"https:\/\/pufff.ro\/b2b\/wp-json\/wp\/v2\/pages\/1645","targetHints":{"allow":["GET"]}}],"collection":[{"href":"https:\/\/pufff.ro\/b2b\/wp-json\/wp\/v2\/pages"}],"about":[{"href":"https:\/\/pufff.ro\/b2b\/wp-json\/wp\/v2\/types\/page"}],"author":[{"embeddable":true,"href":"https:\/\/pufff.ro\/b2b\/wp-json\/wp\/v2\/users\/1"}],"replies":[{"embeddable":true,"href":"https:\/\/pufff.ro\/b2b\/wp-json\/wp\/v2\/comments?post=1645"}],"version-history":[{"count":4,"href":"https:\/\/pufff.ro\/b2b\/wp-json\/wp\/v2\/pages\/1645\/revisions"}],"predecessor-version":[{"id":1649,"href":"https:\/\/pufff.ro\/b2b\/wp-json\/wp\/v2\/pages\/1645\/revisions\/1649"}],"wp:attachment":[{"href":"https:\/\/pufff.ro\/b2b\/wp-json\/wp\/v2\/media?parent=1645"}],"curies":[{"name":"wp","href":"https:\/\/api.w.org\/{rel}","templated":true}]}}