{"id":1624,"date":"2026-02-19T11:27:04","date_gmt":"2026-02-19T11:27:04","guid":{"rendered":"https:\/\/pufff.ro\/b2b\/?page_id=1624"},"modified":"2026-03-23T20:00:44","modified_gmt":"2026-03-23T20:00:44","slug":"tarife","status":"publish","type":"page","link":"https:\/\/pufff.ro\/b2b\/tarife\/","title":{"rendered":"Tarife"},"content":{"rendered":"\t\t<div data-elementor-type=\"wp-page\" data-elementor-id=\"1624\" class=\"elementor elementor-1624\" data-elementor-post-type=\"page\">\n\t\t\t\t<div class=\"elementor-element elementor-element-ad99137 e-flex e-con-boxed e-con e-parent\" data-id=\"ad99137\" data-element_type=\"container\" data-e-type=\"container\">\n\t\t\t\t\t<div class=\"e-con-inner\">\n\t\t\t\t<div class=\"elementor-element elementor-element-7a884a9 elementor-widget elementor-widget-image\" data-id=\"7a884a9\" data-element_type=\"widget\" data-e-type=\"widget\" data-widget_type=\"image.default\">\n\t\t\t\t\t\t\t\t\t\t\t\t\t\t\t\t<a href=\"https:\/\/pufff.ro\/b2b\/wp-content\/uploads\/2026\/02\/Foto-de-produs.jpg-scaled-1.jpeg\" data-elementor-open-lightbox=\"yes\" data-e-action-hash=\"#elementor-action%3Aaction%3Dlightbox%26settings%3DeyJpZCI6MTMyMCwidXJsIjpmYWxzZX0%3D\">\n\t\t\t\t\t\t\t<img decoding=\"async\" data-src=\"https:\/\/pufff.ro\/b2b\/wp-content\/uploads\/2026\/02\/Foto-de-produs.jpg-scaled-1.jpeg\" title=\"\" alt=\"\" src=\"data:image\/svg+xml;base64,PHN2ZyB3aWR0aD0iMSIgaGVpZ2h0PSIxIiB4bWxucz0iaHR0cDovL3d3dy53My5vcmcvMjAwMC9zdmciPjwvc3ZnPg==\" class=\"lazyload\" \/>\t\t\t\t\t\t\t\t<\/a>\n\t\t\t\t\t\t\t\t\t\t\t\t\t\t\t<\/div>\n\t\t\t\t<div class=\"elementor-element elementor-element-b39865c elementor-widget elementor-widget-image\" data-id=\"b39865c\" data-element_type=\"widget\" data-e-type=\"widget\" data-widget_type=\"image.default\">\n\t\t\t\t\t\t\t\t\t\t\t\t\t\t\t\t<a href=\"https:\/\/pufff.ro\/b2b\/wp-content\/uploads\/2026\/03\/Tarife-sedinte-foto--scaled.jpg\" data-elementor-open-lightbox=\"yes\" data-elementor-lightbox-title=\"Tarife sedinte foto\" data-e-action-hash=\"#elementor-action%3Aaction%3Dlightbox%26settings%3DeyJpZCI6MTgxNSwidXJsIjoiaHR0cHM6XC9cL3B1ZmZmLnJvXC9iMmJcL3dwLWNvbnRlbnRcL3VwbG9hZHNcLzIwMjZcLzAzXC9UYXJpZmUtc2VkaW50ZS1mb3RvLS1zY2FsZWQuanBnIn0%3D\">\n\t\t\t\t\t\t\t<img fetchpriority=\"high\" decoding=\"async\" width=\"2560\" height=\"1811\" src=\"https:\/\/pufff.ro\/b2b\/wp-content\/uploads\/2026\/03\/Tarife-sedinte-foto--scaled.jpg\" class=\"attachment-full size-full wp-image-1815\" alt=\"\" srcset=\"https:\/\/pufff.ro\/b2b\/wp-content\/uploads\/2026\/03\/Tarife-sedinte-foto--scaled.jpg.webp 2560w, https:\/\/pufff.ro\/b2b\/wp-content\/uploads\/2026\/03\/Tarife-sedinte-foto--300x212.jpg.webp 300w, https:\/\/pufff.ro\/b2b\/wp-content\/uploads\/2026\/03\/Tarife-sedinte-foto--1024x724.jpg.webp 1024w, https:\/\/pufff.ro\/b2b\/wp-content\/uploads\/2026\/03\/Tarife-sedinte-foto--768x543.jpg.webp 768w, https:\/\/pufff.ro\/b2b\/wp-content\/uploads\/2026\/03\/Tarife-sedinte-foto--1536x1086.jpg.webp 1536w, https:\/\/pufff.ro\/b2b\/wp-content\/uploads\/2026\/03\/Tarife-sedinte-foto--2048x1449.jpg.webp 2048w\" sizes=\"(max-width: 2560px) 100vw, 2560px\" \/>\t\t\t\t\t\t\t\t<\/a>\n\t\t\t\t\t\t\t\t\t\t\t\t\t\t\t<\/div>\n\t\t\t\t<div class=\"elementor-element elementor-element-9a9913c elementor-widget elementor-widget-image\" data-id=\"9a9913c\" data-element_type=\"widget\" data-e-type=\"widget\" data-widget_type=\"image.default\">\n\t\t\t\t\t\t\t\t\t\t\t\t\t\t\t\t<a href=\"https:\/\/pufff.ro\/b2b\/wp-content\/uploads\/2026\/03\/Tarife-servicii-promovare-social-Media-scaled.jpg\" data-elementor-open-lightbox=\"yes\" data-elementor-lightbox-title=\"Tarife servicii Marketing promovare Social Media\" data-e-action-hash=\"#elementor-action%3Aaction%3Dlightbox%26settings%3DeyJpZCI6MTgxMywidXJsIjoiaHR0cHM6XC9cL3B1ZmZmLnJvXC9iMmJcL3dwLWNvbnRlbnRcL3VwbG9hZHNcLzIwMjZcLzAzXC9UYXJpZmUtc2VydmljaWktcHJvbW92YXJlLXNvY2lhbC1NZWRpYS1zY2FsZWQuanBnIn0%3D\">\n\t\t\t\t\t\t\t<img decoding=\"async\" width=\"2560\" height=\"1810\" data-src=\"https:\/\/pufff.ro\/b2b\/wp-content\/uploads\/2026\/03\/Tarife-servicii-promovare-social-Media-scaled.jpg\" class=\"attachment-full size-full wp-image-1813 lazyload\" alt=\"\" data-srcset=\"https:\/\/pufff.ro\/b2b\/wp-content\/uploads\/2026\/03\/Tarife-servicii-promovare-social-Media-scaled.jpg.webp 2560w, https:\/\/pufff.ro\/b2b\/wp-content\/uploads\/2026\/03\/Tarife-servicii-promovare-social-Media-300x212.jpg.webp 300w, https:\/\/pufff.ro\/b2b\/wp-content\/uploads\/2026\/03\/Tarife-servicii-promovare-social-Media-1024x724.jpg.webp 1024w, https:\/\/pufff.ro\/b2b\/wp-content\/uploads\/2026\/03\/Tarife-servicii-promovare-social-Media-768x543.jpg.webp 768w, https:\/\/pufff.ro\/b2b\/wp-content\/uploads\/2026\/03\/Tarife-servicii-promovare-social-Media-1536x1086.jpg.webp 1536w, https:\/\/pufff.ro\/b2b\/wp-content\/uploads\/2026\/03\/Tarife-servicii-promovare-social-Media-2048x1448.jpg.webp 2048w\" data-sizes=\"(max-width: 2560px) 100vw, 2560px\" src=\"data:image\/svg+xml;base64,PHN2ZyB3aWR0aD0iMSIgaGVpZ2h0PSIxIiB4bWxucz0iaHR0cDovL3d3dy53My5vcmcvMjAwMC9zdmciPjwvc3ZnPg==\" style=\"--smush-placeholder-width: 2560px; --smush-placeholder-aspect-ratio: 2560\/1810;\" \/>\t\t\t\t\t\t\t\t<\/a>\n\t\t\t\t\t\t\t\t\t\t\t\t\t\t\t<\/div>\n\t\t\t\t\t<\/div>\n\t\t\t\t<\/div>\n\t\t<div class=\"elementor-element elementor-element-6288bd1 e-flex e-con-boxed e-con e-parent\" data-id=\"6288bd1\" data-element_type=\"container\" data-e-type=\"container\">\n\t\t\t\t\t<div class=\"e-con-inner\">\n\t\t\t\t<div class=\"elementor-element elementor-element-c751414 elementor-widget elementor-widget-image\" data-id=\"c751414\" data-element_type=\"widget\" data-e-type=\"widget\" data-widget_type=\"image.default\">\n\t\t\t\t\t\t\t\t\t\t\t\t\t\t\t\t<a href=\"https:\/\/pufff.ro\/b2b\/wp-content\/uploads\/2026\/02\/Foto-de-produs.jpg-scaled-1.jpeg\" data-elementor-open-lightbox=\"yes\" data-e-action-hash=\"#elementor-action%3Aaction%3Dlightbox%26settings%3DeyJpZCI6MTMyMCwidXJsIjpmYWxzZX0%3D\">\n\t\t\t\t\t\t\t<img decoding=\"async\" data-src=\"https:\/\/pufff.ro\/b2b\/wp-content\/uploads\/2026\/02\/Foto-de-produs.jpg-scaled-1.jpeg\" title=\"\" alt=\"\" src=\"data:image\/svg+xml;base64,PHN2ZyB3aWR0aD0iMSIgaGVpZ2h0PSIxIiB4bWxucz0iaHR0cDovL3d3dy53My5vcmcvMjAwMC9zdmciPjwvc3ZnPg==\" class=\"lazyload\" \/>\t\t\t\t\t\t\t\t<\/a>\n\t\t\t\t\t\t\t\t\t\t\t\t\t\t\t<\/div>\n\t\t\t\t<div class=\"elementor-element elementor-element-35fe7a4 elementor-widget elementor-widget-image\" data-id=\"35fe7a4\" data-element_type=\"widget\" data-e-type=\"widget\" data-widget_type=\"image.default\">\n\t\t\t\t\t\t\t\t\t\t\t\t\t\t\t\t<a href=\"https:\/\/pufff.ro\/b2b\/wp-content\/uploads\/2026\/03\/Tarife-sedinte-foto-Fotografie-de-Produs-scaled.jpg\" data-elementor-open-lightbox=\"yes\" data-elementor-lightbox-title=\"Tarife sedinte foto Fotografie de Produs\" data-e-action-hash=\"#elementor-action%3Aaction%3Dlightbox%26settings%3DeyJpZCI6MTgxMiwidXJsIjoiaHR0cHM6XC9cL3B1ZmZmLnJvXC9iMmJcL3dwLWNvbnRlbnRcL3VwbG9hZHNcLzIwMjZcLzAzXC9UYXJpZmUtc2VkaW50ZS1mb3RvLUZvdG9ncmFmaWUtZGUtUHJvZHVzLXNjYWxlZC5qcGcifQ%3D%3D\">\n\t\t\t\t\t\t\t<img decoding=\"async\" width=\"2560\" height=\"1811\" data-src=\"https:\/\/pufff.ro\/b2b\/wp-content\/uploads\/2026\/03\/Tarife-sedinte-foto-Fotografie-de-Produs-scaled.jpg\" class=\"attachment-full size-full wp-image-1812 lazyload\" alt=\"\" data-srcset=\"https:\/\/pufff.ro\/b2b\/wp-content\/uploads\/2026\/03\/Tarife-sedinte-foto-Fotografie-de-Produs-scaled.jpg.webp 2560w, https:\/\/pufff.ro\/b2b\/wp-content\/uploads\/2026\/03\/Tarife-sedinte-foto-Fotografie-de-Produs-300x212.jpg.webp 300w, https:\/\/pufff.ro\/b2b\/wp-content\/uploads\/2026\/03\/Tarife-sedinte-foto-Fotografie-de-Produs-1024x724.jpg.webp 1024w, https:\/\/pufff.ro\/b2b\/wp-content\/uploads\/2026\/03\/Tarife-sedinte-foto-Fotografie-de-Produs-768x543.jpg.webp 768w, https:\/\/pufff.ro\/b2b\/wp-content\/uploads\/2026\/03\/Tarife-sedinte-foto-Fotografie-de-Produs-1536x1086.jpg.webp 1536w, https:\/\/pufff.ro\/b2b\/wp-content\/uploads\/2026\/03\/Tarife-sedinte-foto-Fotografie-de-Produs-2048x1449.jpg.webp 2048w\" data-sizes=\"(max-width: 2560px) 100vw, 2560px\" src=\"data:image\/svg+xml;base64,PHN2ZyB3aWR0aD0iMSIgaGVpZ2h0PSIxIiB4bWxucz0iaHR0cDovL3d3dy53My5vcmcvMjAwMC9zdmciPjwvc3ZnPg==\" style=\"--smush-placeholder-width: 2560px; --smush-placeholder-aspect-ratio: 2560\/1811;\" \/>\t\t\t\t\t\t\t\t<\/a>\n\t\t\t\t\t\t\t\t\t\t\t\t\t\t\t<\/div>\n\t\t\t\t<div class=\"elementor-element elementor-element-49e268c elementor-widget elementor-widget-image\" data-id=\"49e268c\" data-element_type=\"widget\" data-e-type=\"widget\" data-widget_type=\"image.default\">\n\t\t\t\t\t\t\t\t\t\t\t\t\t\t\t\t<a href=\"https:\/\/pufff.ro\/b2b\/wp-content\/uploads\/2026\/03\/Tarife-Servicii-video-filmari--scaled.jpg\" data-elementor-open-lightbox=\"yes\" data-elementor-lightbox-title=\"Tarife Servicii video filmari\" data-e-action-hash=\"#elementor-action%3Aaction%3Dlightbox%26settings%3DeyJpZCI6MTgxNCwidXJsIjoiaHR0cHM6XC9cL3B1ZmZmLnJvXC9iMmJcL3dwLWNvbnRlbnRcL3VwbG9hZHNcLzIwMjZcLzAzXC9UYXJpZmUtU2VydmljaWktdmlkZW8tZmlsbWFyaS0tc2NhbGVkLmpwZyJ9\">\n\t\t\t\t\t\t\t<img decoding=\"async\" width=\"2560\" height=\"1810\" data-src=\"https:\/\/pufff.ro\/b2b\/wp-content\/uploads\/2026\/03\/Tarife-Servicii-video-filmari--scaled.jpg\" class=\"attachment-full size-full wp-image-1814 lazyload\" alt=\"\" data-srcset=\"https:\/\/pufff.ro\/b2b\/wp-content\/uploads\/2026\/03\/Tarife-Servicii-video-filmari--scaled.jpg.webp 2560w, https:\/\/pufff.ro\/b2b\/wp-content\/uploads\/2026\/03\/Tarife-Servicii-video-filmari--300x212.jpg.webp 300w, https:\/\/pufff.ro\/b2b\/wp-content\/uploads\/2026\/03\/Tarife-Servicii-video-filmari--1024x724.jpg.webp 1024w, https:\/\/pufff.ro\/b2b\/wp-content\/uploads\/2026\/03\/Tarife-Servicii-video-filmari--768x543.jpg.webp 768w, https:\/\/pufff.ro\/b2b\/wp-content\/uploads\/2026\/03\/Tarife-Servicii-video-filmari--1536x1086.jpg.webp 1536w, https:\/\/pufff.ro\/b2b\/wp-content\/uploads\/2026\/03\/Tarife-Servicii-video-filmari--2048x1448.jpg.webp 2048w\" data-sizes=\"(max-width: 2560px) 100vw, 2560px\" src=\"data:image\/svg+xml;base64,PHN2ZyB3aWR0aD0iMSIgaGVpZ2h0PSIxIiB4bWxucz0iaHR0cDovL3d3dy53My5vcmcvMjAwMC9zdmciPjwvc3ZnPg==\" style=\"--smush-placeholder-width: 2560px; --smush-placeholder-aspect-ratio: 2560\/1810;\" \/>\t\t\t\t\t\t\t\t<\/a>\n\t\t\t\t\t\t\t\t\t\t\t\t\t\t\t<\/div>\n\t\t\t\t\t<\/div>\n\t\t\t\t<\/div>\n\t\t<div class=\"elementor-element elementor-element-0bde75a e-flex e-con-boxed e-con e-parent\" data-id=\"0bde75a\" data-element_type=\"container\" data-e-type=\"container\">\n\t\t\t\t\t<div class=\"e-con-inner\">\n\t\t\t\t<div class=\"elementor-element elementor-element-294c170 elementor-widget elementor-widget-image\" data-id=\"294c170\" data-element_type=\"widget\" data-e-type=\"widget\" data-widget_type=\"image.default\">\n\t\t\t\t\t\t\t\t\t\t\t\t\t\t\t\t<a href=\"https:\/\/pufff.ro\/b2b\/wp-content\/uploads\/2026\/02\/Servicii-Video.jpg-scaled-2.jpeg\" data-elementor-open-lightbox=\"yes\" data-e-action-hash=\"#elementor-action%3Aaction%3Dlightbox%26settings%3DeyJpZCI6MTMyOSwidXJsIjpmYWxzZX0%3D\">\n\t\t\t\t\t\t\t<img decoding=\"async\" data-src=\"https:\/\/pufff.ro\/b2b\/wp-content\/uploads\/2026\/02\/Servicii-Video.jpg-scaled-2.jpeg\" title=\"\" alt=\"\" src=\"data:image\/svg+xml;base64,PHN2ZyB3aWR0aD0iMSIgaGVpZ2h0PSIxIiB4bWxucz0iaHR0cDovL3d3dy53My5vcmcvMjAwMC9zdmciPjwvc3ZnPg==\" class=\"lazyload\" \/>\t\t\t\t\t\t\t\t<\/a>\n\t\t\t\t\t\t\t\t\t\t\t\t\t\t\t<\/div>\n\t\t\t\t<div class=\"elementor-element elementor-element-d6e49a8 elementor-widget elementor-widget-image\" data-id=\"d6e49a8\" data-element_type=\"widget\" data-e-type=\"widget\" data-widget_type=\"image.default\">\n\t\t\t\t\t\t\t\t\t\t\t\t\t\t\t\t<a href=\"https:\/\/pufff.ro\/b2b\/wp-content\/uploads\/2026\/02\/Servicii-Promovare-Marketing-Social-Media.jpg-1-scaled-2.jpeg\" data-elementor-open-lightbox=\"yes\" data-e-action-hash=\"#elementor-action%3Aaction%3Dlightbox%26settings%3DeyJpZCI6MTMzMSwidXJsIjpmYWxzZX0%3D\">\n\t\t\t\t\t\t\t<img decoding=\"async\" data-src=\"https:\/\/pufff.ro\/b2b\/wp-content\/uploads\/2026\/02\/Servicii-Promovare-Marketing-Social-Media.jpg-1-scaled-2.jpeg\" title=\"\" alt=\"\" src=\"data:image\/svg+xml;base64,PHN2ZyB3aWR0aD0iMSIgaGVpZ2h0PSIxIiB4bWxucz0iaHR0cDovL3d3dy53My5vcmcvMjAwMC9zdmciPjwvc3ZnPg==\" class=\"lazyload\" \/>\t\t\t\t\t\t\t\t<\/a>\n\t\t\t\t\t\t\t\t\t\t\t\t\t\t\t<\/div>\n\t\t\t\t\t<\/div>\n\t\t\t\t<\/div>\n\t\t<div class=\"elementor-element elementor-element-00e8536 e-flex e-con-boxed e-con e-parent\" data-id=\"00e8536\" data-element_type=\"container\" data-e-type=\"container\">\n\t\t\t\t\t<div class=\"e-con-inner\">\n\t\t<div class=\"elementor-element elementor-element-decb3d7 e-con-full e-flex e-con e-child\" data-id=\"decb3d7\" data-element_type=\"container\" data-e-type=\"container\">\n\t\t\t\t<div class=\"elementor-element elementor-element-299f6f1 elementor-widget elementor-widget-heading\" data-id=\"299f6f1\" data-element_type=\"widget\" data-e-type=\"widget\" data-widget_type=\"heading.default\">\n\t\t\t\t\t<h2 class=\"elementor-heading-title elementor-size-default\">Pachete \u0219i oferte personalizate<\/h2>\t\t\t\t<\/div>\n\t\t\t\t<div class=\"elementor-element elementor-element-a412a06 elementor-widget elementor-widget-text-editor\" data-id=\"a412a06\" data-element_type=\"widget\" data-e-type=\"widget\" data-widget_type=\"text-editor.default\">\n\t\t\t\t\t\t\t\t\t<p data-path-to-node=\"4\">\u0218tim c\u0103 alegerea fotografului sau a echipei video este una dintre cele mai importante decizii pentru evenimentul t\u0103u sau pentru imaginea afacerii tale. Nu este vorba doar despre ni\u0219te fi\u0219iere digitale, ci despre siguran\u021ba c\u0103 fiecare z\u00e2mbet, fiecare detaliu al produsului \u0219i fiecare moment de tensiune emo\u021bional\u0103 este surprins cu tehnologie de ultim\u0103 or\u0103 \u0219i o viziune artistic\u0103 coerent\u0103.<\/p><p data-path-to-node=\"5\">La <b data-path-to-node=\"5\" data-index-in-node=\"3\">Pufff Studio<\/b>, am eliminat presupunerile. Pachetele noastre sunt construite pe baza a ani de experien\u021b\u0103, fiind g\u00e2ndite s\u0103 acopere toate nevoile logistice, f\u0103r\u0103 a compromite latura creativ\u0103. Ne m\u00e2ndrim cu o politic\u0103 de pre\u021buri onest\u0103: \u0219tii exact ce prime\u0219ti, de la num\u0103rul de cadre editate, p\u00e2n\u0103 la timpul de livrare \u0219i formatul final al materialelor.<\/p>\t\t\t\t\t\t\t\t<\/div>\n\t\t\t\t<div class=\"elementor-element elementor-element-3279892 elementor-widget elementor-widget-button\" data-id=\"3279892\" data-element_type=\"widget\" data-e-type=\"widget\" data-widget_type=\"button.default\">\n\t\t\t\t\t\t\t\t\t\t<a class=\"elementor-button elementor-button-link elementor-size-sm\" href=\"tel:0773388500\">\n\t\t\t\t\t\t<span class=\"elementor-button-content-wrapper\">\n\t\t\t\t\t\t\t\t\t<span class=\"elementor-button-text\">Contacteaz\u0103-ne<\/span>\n\t\t\t\t\t<\/span>\n\t\t\t\t\t<\/a>\n\t\t\t\t\t\t\t\t<\/div>\n\t\t\t\t<\/div>\n\t\t<div class=\"elementor-element elementor-element-c3455a6 e-con-full e-flex e-con e-child\" data-id=\"c3455a6\" data-element_type=\"container\" data-e-type=\"container\">\n\t\t\t\t<div class=\"elementor-element elementor-element-305ec1b elementor-widget elementor-widget-image\" data-id=\"305ec1b\" data-element_type=\"widget\" data-e-type=\"widget\" data-widget_type=\"image.default\">\n\t\t\t\t\t\t\t\t\t\t\t\t\t\t\t<img decoding=\"async\" data-src=\"https:\/\/pufff.ro\/b2b\/wp-content\/uploads\/2026\/02\/January-20-2023_KLY8810-Edit-1-scaled-1-1.jpg\" title=\"\" alt=\"\" src=\"data:image\/svg+xml;base64,PHN2ZyB3aWR0aD0iMSIgaGVpZ2h0PSIxIiB4bWxucz0iaHR0cDovL3d3dy53My5vcmcvMjAwMC9zdmciPjwvc3ZnPg==\" class=\"lazyload\" \/>\t\t\t\t\t\t\t\t\t\t\t\t\t\t\t<\/div>\n\t\t\t\t<\/div>\n\t\t\t\t\t<\/div>\n\t\t\t\t<\/div>\n\t\t\t\t<\/div>\n\t\t","protected":false},"excerpt":{"rendered":"<p>Pachete \u0219i oferte personalizate \u0218tim c\u0103 alegerea fotografului sau a echipei video este una dintre cele mai importante decizii pentru evenimentul t\u0103u sau pentru imaginea afacerii tale. Nu este vorba doar despre ni\u0219te fi\u0219iere digitale, ci despre siguran\u021ba c\u0103 fiecare z\u00e2mbet, fiecare detaliu al produsului \u0219i fiecare moment de tensiune emo\u021bional\u0103 este surprins cu tehnologie [&hellip;]<\/p>\n","protected":false},"author":1,"featured_media":0,"parent":0,"menu_order":0,"comment_status":"closed","ping_status":"closed","template":"","meta":{"_joinchat":[],"footnotes":""},"class_list":["post-1624","page","type-page","status-publish","hentry"],"aioseo_notices":[],"_links":{"self":[{"href":"https:\/\/pufff.ro\/b2b\/wp-json\/wp\/v2\/pages\/1624","targetHints":{"allow":["GET"]}}],"collection":[{"href":"https:\/\/pufff.ro\/b2b\/wp-json\/wp\/v2\/pages"}],"about":[{"href":"https:\/\/pufff.ro\/b2b\/wp-json\/wp\/v2\/types\/page"}],"author":[{"embeddable":true,"href":"https:\/\/pufff.ro\/b2b\/wp-json\/wp\/v2\/users\/1"}],"replies":[{"embeddable":true,"href":"https:\/\/pufff.ro\/b2b\/wp-json\/wp\/v2\/comments?post=1624"}],"version-history":[{"count":13,"href":"https:\/\/pufff.ro\/b2b\/wp-json\/wp\/v2\/pages\/1624\/revisions"}],"predecessor-version":[{"id":1818,"href":"https:\/\/pufff.ro\/b2b\/wp-json\/wp\/v2\/pages\/1624\/revisions\/1818"}],"wp:attachment":[{"href":"https:\/\/pufff.ro\/b2b\/wp-json\/wp\/v2\/media?parent=1624"}],"curies":[{"name":"wp","href":"https:\/\/api.w.org\/{rel}","templated":true}]}}